{"id":8,"date":"2010-08-02T03:03:19","date_gmt":"2010-08-02T02:03:19","guid":{"rendered":"http:\/\/divinomaestro.com\/?page_id=8"},"modified":"2017-03-18T15:16:12","modified_gmt":"2017-03-18T14:16:12","slug":"asociacion-de-cooperadores","status":"publish","type":"page","link":"https:\/\/www.divinomaestro.com\/?page_id=8","title":{"rendered":"Coop. seglares"},"content":{"rendered":"<h1 style=\"text-align: center\"><span style=\"color: #006400\"><span style=\"font-family: arial,helvetica,sans-serif\"><b>ASOCIACI\u00d3N \u201cCOOPERADORES SEGLARES DEL DIVINO MAESTRO\u201d<\/b><\/span><\/span><\/h1>\n<h4><\/h4>\n<h4 style=\"text-align: justify\"><span style=\"color: #2f4f4f\"><span style=\"font-size: 16px\"><span style=\"font-family: arial,helvetica,sans-serif\"><span style=\"line-height: 115%;font-size: 16px\">Somos una Asociaci\u00f3n p\u00fablica que, desde nuestra condici\u00f3n de seglares respondemos a la llamada de Jesucristo, participando del mismo esp\u00edritu de la Congregaci\u00f3n de Misioneras del Divino Maestro.<\/span><\/span><\/span><\/span><\/h4>\n<h4 style=\"text-align: justify\"><span style=\"color: #2f4f4f\"><span style=\"font-family: arial, helvetica, sans-serif;font-size: 16px;line-height: 115%;text-align: justify\">Nacemos en la Iglesia en el a\u00f1o 1945, del carisma vivido y transmitido por Francisco Blanco N\u00e1jera Obispo de Orense y Soledad Rodr\u00edguez P\u00e9rez, que cristaliza en dos ramas: Misioneras del Divino Maestro y Cooperadores Seglares del Divino Maestro. Actualmente nos encontramos en Espa\u00f1a, Venezuela, Colombia, Ecuador y Zaire.<\/span><\/span><\/h4>\n<h4 style=\"text-align: justify\"><span style=\"color: #2f4f4f\"><span style=\"font-family: arial, helvetica, sans-serif;font-size: 16px;line-height: 115%;text-align: justify\">El fin de nuestra Asociaci\u00f3n es impregnar a la sociedad de los valores del Evangelio, llevando a la inteligencia y al coraz\u00f3n de todos los hombres especialmente de los pobres la verdad y el amor del Divino Maestro. Nuestra tarea principal es el seguimiento de Jesucristo y la identificaci\u00f3n con \u00c9l para hacerlo presente en las condiciones ordinarias de la vida familiar, profesional y social de manera que contribuyamos a la santificaci\u00f3n del mundo.<\/span><\/span><\/h4>\n<h4><span style=\"color: #2f4f4f\"><span style=\"font-size: 16px\"><span style=\"font-family: arial,helvetica,sans-serif\"><span style=\"line-height: 115%\">\u00a0<\/span><\/span><\/span><span style=\"line-height: 115%;font-family: arial, helvetica, sans-serif;font-size: 16px\">Nuestra espiritualidad tiene unas notas distintivas:<\/span><\/span><\/h4>\n<ul>\n<li>\n<h4><span style=\"color: #2f4f4f\"><span style=\"font-size: 16px\"><span style=\"font-family: arial,helvetica,sans-serif\"><span style=\"line-height: 115%\">Amor apasionado a Jesucristo Divino Maestro.<\/span><\/span><\/span><\/span><\/h4>\n<\/li>\n<li>\n<h4><span style=\"color: #2f4f4f\"><span style=\"font-size: 16px\"><span style=\"font-family: arial,helvetica,sans-serif\"><span style=\"line-height: 115%\">Caridad fraterna <\/span><\/span><\/span><\/span><\/h4>\n<\/li>\n<li>\n<h4><span style=\"color: #2f4f4f\"><span style=\"font-size: 16px\"><span style=\"font-family: arial,helvetica,sans-serif\"><span style=\"line-height: 115%\">Esfuerzo por buscar la voluntad de Dios y adhesi\u00f3n a ella.<\/span><\/span><\/span><\/span><\/h4>\n<\/li>\n<li>\n<h4><span style=\"color: #2f4f4f\"><span style=\"font-size: 16px\"><span style=\"font-family: arial,helvetica,sans-serif\"><span style=\"line-height: 115%\">Amor a la Madre Inmaculada<\/span><\/span><\/span><\/span><\/h4>\n<\/li>\n<li>\n<h4><span style=\"color: #2f4f4f\"><span style=\"line-height: 115%;font-family: arial, helvetica, sans-serif;font-size: 16px\">Esp\u00edritu eclesial<\/span><\/span><\/h4>\n<\/li>\n<li>\n<h4><span style=\"color: #2f4f4f\"><span style=\"line-height: 115%;font-family: arial, helvetica, sans-serif;font-size: 16px\">Vivir lo cotidiano de la vida en uni\u00f3n con Jes\u00fas.<\/span><\/span><\/h4>\n<\/li>\n<\/ul>\n<h4 style=\"text-align: justify\"><span style=\"color: #2f4f4f\"><span style=\"line-height: 115%;font-family: arial, helvetica, sans-serif;font-size: 16px\">De la uni\u00f3n con Cristo brota la urgencia del apostolado que la Asociaci\u00f3n\u00a0 lo realiza mediante el anuncio del Evangelio a los hermanos principalmente en el campo de la educaci\u00f3n cristiana de los pobres. Adem\u00e1s de trabajar en el campo educativo, nos hacemos presentes en la pastoral parroquial, diocesana, de la Congregaci\u00f3n y en otros organismos\u2026<\/span><\/span><\/h4>\n<h4 style=\"text-align: justify\"><span style=\"color: #2f4f4f\"><span style=\"line-height: 115%;font-family: arial, helvetica, sans-serif;font-size: 16px\">Como Asociaci\u00f3n p\u00fablica internacional nuestros estatutos est\u00e1n aprobados por la Santa Sede.<\/span><\/span><\/h4>\n<h4><span style=\"color: #2f4f4f\"><span style=\"line-height: 115%;font-family: arial, helvetica, sans-serif;font-size: 16px\">Sede Social: Asociaci\u00f3n de Cooperadores Seglares del Divino Maestro.<\/span><\/span><\/h4>\n<h4><span style=\"color: #2f4f4f\"><span style=\"font-size: 16px\"><span style=\"font-family: arial,helvetica,sans-serif\"><span style=\"line-height: 115%\">\u00a0\u00a0\u00a0\u00a0\u00a0\u00a0\u00a0\u00a0\u00a0\u00a0\u00a0\u00a0\u00a0\u00a0\u00a0\u00a0 C\/ Dr. Blanco N\u00e1jera 1<\/span><\/span><\/span><\/span><\/h4>\n<h4><span style=\"color: #2f4f4f\"><span style=\"font-size: 16px\"><span style=\"font-family: arial,helvetica,sans-serif\"><span style=\"line-height: 115%\">\u00a0\u00a0\u00a0\u00a0\u00a0\u00a0\u00a0\u00a0 \u00a0\u00a0\u00a0\u00a0\u00a0\u00a0\u00a0 Inmaculada Mozo Aguilar<\/span><\/span><\/span><\/span><\/h4>\n<h4><span style=\"color: #2f4f4f\"><span style=\"font-size: 16px\"><span style=\"font-family: arial,helvetica,sans-serif\"><span style=\"line-height: 115%;text-align: justify;text-indent: 35.45pt\">\u00a0 \u00a0 \u00a0 \u00a0 \u00a0 \u00a0 \u00a0 \u00a0 \u00a0280011 &#8211; Madrid\u00a0<\/span><br \/>\n<\/span><\/span><\/span><\/h4>\n<h1 style=\"text-align: center\"><em><span style=\"color: #008000\"><a href=\"http:\/\/www.divinomaestro.com\/?attachment_id=383\" rel=\"attachment wp-att-383\"><img loading=\"lazy\" decoding=\"async\" class=\"alignright size-full wp-image-383\" src=\"http:\/\/www.divinomaestro.com\/wp-content\/uploads\/cooperadores.jpg\" alt=\"\" width=\"125\" height=\"244\" \/><\/a> <\/span><\/em><\/h1>\n<h4 style=\"text-align: justify\"><span style=\"color: #2f4f4f\"><span style=\"font-size: 16px\"><span style=\"font-family: arial,helvetica,sans-serif\">El compromiso de ser <strong>Cooperador Seglar del Divino Maestro<\/strong> es un don de la llamada del Se\u00f1ora vivir la vocaci\u00f3n seglar en la Iglesia seg\u00fan el Carisma de la Asociaci\u00f3n y es, a la vez, una opci\u00f3n libre como respuesta que cualifica toda la existencia de la persona.<\/span><\/span><\/span><\/h4>\n<h4 style=\"text-align: justify\"><span style=\"color: #2f4f4f\"><span style=\"font-size: 16px\"><span style=\"font-family: arial,helvetica,sans-serif\">Esta elecci\u00f3n ha de ser madurada progresivamente bajo la acci\u00f3n del Esp\u00edritu Santo a trav\u00e9s de las <strong>etapas de Simpatizante, Iniciado y Cooperador<\/strong> que implica un grado de compromiso.<\/span><\/span><\/span><\/h4>\n<h4 style=\"text-align: justify\"><span style=\"color: #2f4f4f\"><span style=\"font-size: 16px\"><span style=\"font-family: arial,helvetica,sans-serif\">La pertenencia a cada una de ellas se expresa mediante un acto realizado ante la Iglesia, representada por los hermanos.<\/span><\/span><\/span><\/h4>\n<h4><span style=\"color: #2f4f4f\"><span style=\"font-size: 16px\"><span style=\"font-family: arial,helvetica,sans-serif\"><br \/>\n<\/span><\/span><\/span><\/h4>\n<h2 style=\"text-align: center\"><span style=\"color: #006400\"><strong>HIMNO DE LOS COOPERADORES SEGLARES<\/strong> <\/span><\/h2>\n<p>&nbsp;<\/p>\n<h4 style=\"text-align: justify\"><span style=\"color: #2f4f4f\"><span style=\"font-size: 16px\"><span style=\"font-family: arial,helvetica,sans-serif\">Si yo pudiera, dijo el Maestro, Surcar los mares, y abrazar el mundo entero. Si t\u00fa pudieras, dice el Maestro, Surcar los mares y abrazar el mundo entero.<\/span><\/span><\/span><\/h4>\n<h4 style=\"text-align: justify\"><span style=\"color: #2f4f4f\"><span style=\"font-size: 16px\"><span style=\"font-family: arial,helvetica,sans-serif\">Te llevar\u00eda conmigo alta mar, Te ense\u00f1ar\u00eda mi barca y hasta remar. Toda la tierra esperando est\u00e1, que alguien recoja el mensaje eche a volar.<\/span><\/span><\/span><\/h4>\n<h4 style=\"text-align: justify\"><span style=\"color: #2f4f4f\"><span style=\"font-size: 16px\"><span style=\"font-family: arial,helvetica,sans-serif\">Mir\u00f3 feliz a Francisco el Maestro, mir\u00f3 feliz porque supo acogerlo. Mir\u00f3 feliz, mir\u00f3 feliz, mir\u00f3 feliz, hizo vida el deseo.<\/span><\/span><\/span><\/h4>\n<h4 style=\"text-align: justify\"><span style=\"color: #2f4f4f\"><span style=\"font-size: 16px\"><span style=\"font-family: arial,helvetica,sans-serif\">Ech\u00f3 a volar la semilla y el viento, la hizo volar hasta dar con tu huerto en \u00e9l cal\u00f3 y germin\u00f3 \u00bfQuieres hacer tambi\u00e9n vida el deseo?<\/span><\/span><\/span><\/h4>\n<h4 style=\"text-align: justify\"><span style=\"color: #2f4f4f\"><span style=\"font-size: 16px\"><span style=\"font-family: arial,helvetica,sans-serif\">Cooperador, con el Maestro, ser\u00eda imposible realizar m\u00e1s bello sue\u00f1o. Ser otro Cristo y con \u00c9l muy dentro, entre la masa actuar como fermento. Te necesita Jes\u00fas y tambi\u00e9n. te necesitan los hombres para ir con \u00c9l. (bis)<\/span><\/span><\/span><\/h4>\n<h4 style=\"text-align: justify\"><span style=\"color: #2f4f4f\"><span style=\"font-size: 16px\"><span style=\"font-family: arial,helvetica,sans-serif\">Para ser sal te ha llamado el Maestro, para ser luz y hacer del mundo fuego, Para ser sal, para ser luz, para ser \u00c9l desde los cuatro vientos. \u00bfSer\u00e1, ser\u00e1 que yo sue\u00f1o despierto? \u00bfSer\u00e1, ser\u00e1 que se cumplen mis sue\u00f1os? \u00bfSer\u00e1, ser\u00e1, dice Jes\u00fas,ser\u00e1, ser\u00e1, que escuchasteis mi anhelo?<\/span><\/span><\/span><\/h4>\n<p style=\"text-align: center\"><span style=\"font-family: Arial, serif\"><a href=\"http:\/\/www.divinomaestro.com\/?attachment_id=382\" rel=\"attachment wp-att-382\"><img loading=\"lazy\" decoding=\"async\" class=\"size-full wp-image-382 aligncenter\" src=\"http:\/\/www.divinomaestro.com\/wp-content\/uploads\/Logo coop.jpg\" alt=\"\" width=\"275\" height=\"235\" \/><\/a> <\/span><\/p>\n","protected":false},"excerpt":{"rendered":"<p>ASOCIACI\u00d3N \u201cCOOPERADORES SEGLARES DEL DIVINO MAESTRO\u201d Somos una Asociaci\u00f3n p\u00fablica que, desde nuestra condici\u00f3n de seglares respondemos a la llamada de Jesucristo, participando del mismo esp\u00edritu de la Congregaci\u00f3n de Misioneras del Divino Maestro. Nacemos en la Iglesia en el a\u00f1o 1945, del carisma vivido y transmitido por Francisco Blanco N\u00e1jera Obispo de Orense y &hellip; <\/p>\n<p><a class=\"more-link btn\" href=\"https:\/\/www.divinomaestro.com\/?page_id=8\">Seguir leyendo<\/a><\/p>\n","protected":false},"author":1,"featured_media":0,"parent":0,"menu_order":10,"comment_status":"closed","ping_status":"closed","template":"","meta":{"footnotes":""},"class_list":["post-8","page","type-page","status-publish","hentry","nodate","item-wrap"],"_links":{"self":[{"href":"https:\/\/www.divinomaestro.com\/index.php?rest_route=\/wp\/v2\/pages\/8","targetHints":{"allow":["GET"]}}],"collection":[{"href":"https:\/\/www.divinomaestro.com\/index.php?rest_route=\/wp\/v2\/pages"}],"about":[{"href":"https:\/\/www.divinomaestro.com\/index.php?rest_route=\/wp\/v2\/types\/page"}],"author":[{"embeddable":true,"href":"https:\/\/www.divinomaestro.com\/index.php?rest_route=\/wp\/v2\/users\/1"}],"replies":[{"embeddable":true,"href":"https:\/\/www.divinomaestro.com\/index.php?rest_route=%2Fwp%2Fv2%2Fcomments&post=8"}],"version-history":[{"count":43,"href":"https:\/\/www.divinomaestro.com\/index.php?rest_route=\/wp\/v2\/pages\/8\/revisions"}],"predecessor-version":[{"id":3943,"href":"https:\/\/www.divinomaestro.com\/index.php?rest_route=\/wp\/v2\/pages\/8\/revisions\/3943"}],"wp:attachment":[{"href":"https:\/\/www.divinomaestro.com\/index.php?rest_route=%2Fwp%2Fv2%2Fmedia&parent=8"}],"curies":[{"name":"wp","href":"https:\/\/api.w.org\/{rel}","templated":true}]}}