{"id":5,"date":"2010-08-02T03:02:15","date_gmt":"2010-08-02T02:02:15","guid":{"rendered":"http:\/\/divinomaestro.com\/?page_id=5"},"modified":"2011-04-24T16:42:49","modified_gmt":"2011-04-24T15:42:49","slug":"fundadores","status":"publish","type":"page","link":"https:\/\/www.divinomaestro.com\/?page_id=5","title":{"rendered":"Fundadores"},"content":{"rendered":"<div style=\"text-align: justify;\">\n<h2 style=\"text-align: left;\"><span style=\"color: #008080;\"><span style=\"color: #800000;\">Francisco Blanco N\u00e1jera<\/span><\/span><\/h2>\n<p><span style=\"color: #008080;\"><span style=\"color: #800000;\"><a rel=\"attachment wp-att-269\" href=\"http:\/\/www.divinomaestro.com\/?attachment_id=269\"><img loading=\"lazy\" decoding=\"async\" class=\"alignright size-full wp-image-269\" title=\"FUNDADORES2\" src=\"http:\/\/www.divinomaestro.com\/wp-content\/uploads\/FUNDADORES2.jpg\" alt=\"\" width=\"205\" height=\"269\" \/><\/a><\/span><\/span>Nace el 24 de mayo de 1889 en Logro\u00f1o (Espa\u00f1a). Hijo de una familia pobre y humilde est\u00e1<a rel=\"attachment wp-att-269\" href=\"http:\/\/www.divinomaestro.com\/?attachment_id=269\"><\/a>acostumbrado desde ni\u00f1o a vivir en estrechez.Empieza sus estudios en el seminario de su ciudad natal<strong> \u201cvali\u00e9ndose de mil fatigas para hacer la carrera\u201d.<\/strong> El 20 de diciembre de 1913 es ordenado sacerdote en Comillas. A partir de esta fecha, comienza su vida infatigable de ap\u00f3stol. La mayor parte se desarrolla alternando las ciudades de C\u00f3rdoba y Ja\u00e9n.<br \/>\n<strong><br \/>\n<\/strong><br \/>\nEn todos los servicios que presta a la iglesia desde los m\u00e1s diversos puestos, <strong>vive siempre de una idea fija: JESUCRISTO.<\/strong> Por \u00c9l trabaja, por \u00c9l ama, por \u00c9l \u201cinventa\u201d nuevas empresas, por \u00c9l escribe. Ah\u00ed est\u00e1n los j\u00f3venes, los maestros, los ni\u00f1os, las familias, los obreros, los sacerdotes&#8230;, a todos llegan las ansias pastorales de Francisco.<\/p>\n<p style=\"text-align: justify;\">En 1944 es consagrado Obispo de Orense. Ahora su actuaci\u00f3n se centra en su di\u00f3cesis. Durante siete a\u00f1os de episcopado va a desarrollar una labor ingente como Padre y Pastor. Su proyecto pastoral abarca los m\u00e1s diversos sectores y para llegar a todos fomenta la catequesis, las visitas y cartas pastorales, construye una Casa de Ejercicios y un nuevo Seminario,<strong> funda la Asociaci\u00f3n Sacerdotal del Beato \u00c1vila&#8230;<\/strong><\/p>\n<p style=\"text-align: justify;\">En este mismo a\u00f1o de 1944 decide, <strong>junto con SOLEDAD DE LA CRUZ,<\/strong> f<strong>undar la Congregaci\u00f3n de Religiosas Misioneras del Divino Maestro <\/strong>dedicada a la ense\u00f1anza de los pobres por el <strong>AMOR APASIONADO DE JESUCRISTO.<\/strong> Tambi\u00e9n es fundador de la Asociaci\u00f3n de Cooperadores Seglares del Divino Maestro.\u00a0Muere en su di\u00f3cesis de Orense (Espa\u00f1a)\u00a0 el 15 de enero de 1952.<\/p>\n<p style=\"text-align: justify;\"><a class=\"vinculos\" href=\"http:\/\/divinomaestro.com\/?page_id=81\"><strong><span style=\"color: #000080;\">ver m\u00e1s &gt;&gt;&gt;<\/span><\/strong><\/a><\/p>\n<h2><span style=\"color: #800000; line-height: 27px;\">Soledad Rodr\u00edguez P\u00e9rez<\/span><\/h2>\n<p>Nace en Zamora el d\u00eda 1 de febrero de 1904. Crece al calor del amor de sus padres Manuel y Paula. \u00a0Soledad es una ni\u00f1a, sencilla, estudiosa, alegre, delicada\u2026 A los 16 a\u00f1os siente el deseo de ser Religiosa y no duda en dar este paso, \u00a0ingresa con las RR. Escolapias. <strong> En 1941 conoce a Francisco Blanco N\u00e1jera,<\/strong> un tiempo despu\u00e9s le propone: Padre, \u00bfpor qu\u00e9 no hacemos una fundaci\u00f3n para ni\u00f1os pobres? \u00a0<strong>El d\u00eda 7 de Diciembre de 1944 este sue\u00f1o se hace realidad.<\/strong> Muere en Madrid el 28 de Noviembre de 1965.<\/p>\n<p style=\"text-align: justify;\"><a class=\"vinculos\" href=\"http:\/\/divinomaestro.com\/?page_id=59\"><span style=\"color: #000080;\"><strong>ver m\u00e1s &gt;&gt;&gt;<\/strong><\/span><\/a><\/p>\n<\/div>\n<p style=\"text-align: center;\">\n","protected":false},"excerpt":{"rendered":"<p>Francisco Blanco N\u00e1jera Nace el 24 de mayo de 1889 en Logro\u00f1o (Espa\u00f1a). Hijo de una familia pobre y humilde est\u00e1acostumbrado desde ni\u00f1o a vivir en estrechez.Empieza sus estudios en el seminario de su ciudad natal \u201cvali\u00e9ndose de mil fatigas para hacer la carrera\u201d. El 20 de diciembre de 1913 es ordenado sacerdote en Comillas. &hellip; <\/p>\n<p><a class=\"more-link btn\" href=\"https:\/\/www.divinomaestro.com\/?page_id=5\">Seguir leyendo<\/a><\/p>\n","protected":false},"author":1,"featured_media":269,"parent":0,"menu_order":2,"comment_status":"closed","ping_status":"closed","template":"","meta":{"footnotes":""},"class_list":["post-5","page","type-page","status-publish","has-post-thumbnail","hentry","nodate","item-wrap"],"_links":{"self":[{"href":"https:\/\/www.divinomaestro.com\/index.php?rest_route=\/wp\/v2\/pages\/5","targetHints":{"allow":["GET"]}}],"collection":[{"href":"https:\/\/www.divinomaestro.com\/index.php?rest_route=\/wp\/v2\/pages"}],"about":[{"href":"https:\/\/www.divinomaestro.com\/index.php?rest_route=\/wp\/v2\/types\/page"}],"author":[{"embeddable":true,"href":"https:\/\/www.divinomaestro.com\/index.php?rest_route=\/wp\/v2\/users\/1"}],"replies":[{"embeddable":true,"href":"https:\/\/www.divinomaestro.com\/index.php?rest_route=%2Fwp%2Fv2%2Fcomments&post=5"}],"version-history":[{"count":35,"href":"https:\/\/www.divinomaestro.com\/index.php?rest_route=\/wp\/v2\/pages\/5\/revisions"}],"predecessor-version":[{"id":374,"href":"https:\/\/www.divinomaestro.com\/index.php?rest_route=\/wp\/v2\/pages\/5\/revisions\/374"}],"wp:featuredmedia":[{"embeddable":true,"href":"https:\/\/www.divinomaestro.com\/index.php?rest_route=\/wp\/v2\/media\/269"}],"wp:attachment":[{"href":"https:\/\/www.divinomaestro.com\/index.php?rest_route=%2Fwp%2Fv2%2Fmedia&parent=5"}],"curies":[{"name":"wp","href":"https:\/\/api.w.org\/{rel}","templated":true}]}}