{"id":3,"date":"2010-08-02T03:00:33","date_gmt":"2010-08-02T02:00:33","guid":{"rendered":"http:\/\/divinomaestro.com\/?page_id=3"},"modified":"2011-04-24T18:56:25","modified_gmt":"2011-04-24T17:56:25","slug":"carisma","status":"publish","type":"page","link":"https:\/\/www.divinomaestro.com\/?page_id=3","title":{"rendered":"Carisma"},"content":{"rendered":"<p style=\"text-align: justify;\"><a rel=\"attachment wp-att-392\" href=\"http:\/\/www.divinomaestro.com\/?attachment_id=392\"><img loading=\"lazy\" decoding=\"async\" class=\"aligncenter size-full wp-image-392\" title=\"Jesus1\" src=\"http:\/\/www.divinomaestro.com\/wp-content\/uploads\/Jesus1.jpg\" alt=\"\" width=\"445\" height=\"327\" \/><\/a><\/p>\n<p style=\"text-align: justify;\">Las <strong>Misioneras del Divino Maestro<\/strong> somos un Instituto de vida apost\u00f3lica. Realizamos nuestra misi\u00f3n con la fuerza apost\u00f3lica que dimana de la propia vida, al vivir la plenitud de la consagraci\u00f3n bajo la acci\u00f3n del Esp\u00edritu Santo, y con nuestra acci\u00f3n Evangelizadora colaboramos en la Misi\u00f3n Divina de Jesucristo.<\/p>\n<p style=\"text-align: justify;\">Participamos en la misi\u00f3n de Jesucristo, Maestro \u00danico, respondiendo a su mandato: <strong>\u201cId y ense\u00f1ad a todas las gentes\u201d<\/strong><\/p>\n<p style=\"text-align: justify;\">Estamos llamadas a vivir  la Consagraci\u00f3n como educadoras, haciendo de la escuela la gran plataforma de la Evangelizaci\u00f3n, anunciando a Jesucristo a las nuevas generaciones.<\/p>\n<p style=\"text-align: justify;\">Los Centros Divino Maestro, son una instituci\u00f3n educativa al servicio de la persona, <strong>\u201cEl alumno  CENTRO y PROTAGONISTA de la educaci\u00f3n\u201d<\/strong>, intentan lograr sus finalidades, con el estilo, el esp\u00edritu, los principios metodol\u00f3gicos y la experiencia  educativa de Francisco Blanco N\u00e1jera  y Soledad Rodr\u00edguez P\u00e9rez.<\/p>\n<p style=\"text-align: justify;\">Nuestros Fundadores consideran la escuela cat\u00f3lica como lugar privilegiado de Evangelizaci\u00f3n, porque entra de lleno en la misi\u00f3n salv\u00edfico docente de la Iglesia. La escuela ha de ser la aplicaci\u00f3n del principio evangelizador<strong> \u00abid y ense\u00f1ad a todas las gentes\u00bb<\/strong>. Cualquiera que sea el contenido de la ense\u00f1anza, se explica a la luz de la fe.<\/p>\n<p style=\"text-align: justify;\">El estilo educativo de los Centros Divino Maestro se fundamenta en una visi\u00f3n verdaderamente integral de la educaci\u00f3n. Teniendo en cuenta el desarrollo arm\u00f3nico de la persona. El educando va perfeccionando su ser y unific\u00e1ndose en el crecimiento humano cristiano. Los alumnos aprenden progresivamente a armonizar fe, cultura y vida.<\/p>\n<p style=\"text-align: justify;\">La formaci\u00f3n integral la entendemos como un <strong>proceso continuo, permanente y participativo que busca desarrollar de modo arm\u00f3nico y coherente todas y cada una de las dimensiones de la persona:<\/strong> \u00e9tica, espiritual, cognitiva, afectiva, comunicativa, est\u00e9tica, corporal y socio-pol\u00edtica, a fin de lograr su realizaci\u00f3n plena en la sociedad, conduci\u00e9ndolo hacia una concepci\u00f3n cristiana del hombre, del mundo y de la historia que le transforme y constituya a la vez en constructor de una sociedad nueva.<\/p>\n<p style=\"text-align: justify;\"><strong>La filosof\u00eda educativa<\/strong> pretendida por los fundadores, de plena actualidad hoy, se dirige al hombre en su totalidad. Est\u00e1 <strong>orientada a desarrollar en cada alumno todo su potencial humano y espiritual<\/strong>, desarrollo no s\u00f3lo de la inteligencia, sino de la voluntad que conlleva <strong>adquirir h\u00e1bitos y formar caracteres<\/strong>, conformar el pensamiento y modelar el coraz\u00f3n.<\/p>\n<p style=\"text-align: justify;\">Blanco N\u00e1jera afirma <strong>\u00abEducar es ense\u00f1ar a vivir\u00bb<\/strong>. Esto implica, entre otras cosas, la atenci\u00f3n e inter\u00e9s por los aspectos comunitarios de los alumnos, su capacidad de pensar y comunicarse en grupo, de convivir y trabajar con<\/p>\n<p style=\"text-align: justify;\">los dem\u00e1s, la exigencia y firmeza en el estudio, en las diversas actividades de la vida escolar, la cooperaci\u00f3n y la participaci\u00f3n de los alumnos en su propia formaci\u00f3n.<\/p>\n<p style=\"text-align: justify;\"><a rel=\"attachment wp-att-391\" href=\"http:\/\/www.divinomaestro.com\/?attachment_id=391\"><img loading=\"lazy\" decoding=\"async\" class=\"aligncenter size-full wp-image-391\" title=\"Inma madrid\" src=\"http:\/\/www.divinomaestro.com\/wp-content\/uploads\/Inma madrid.jpg\" alt=\"\" width=\"300\" height=\"450\" \/><\/a><\/p>\n<p style=\"text-align: justify;\">Los Centros Divino Maestro se identifican como una segunda familia. Blanco N\u00e1jera concibe la escuela como espacio-hogar dentro del cual el alumno se desarrolla progresivamente.<strong> \u00abLa educaci\u00f3n es obra de amor, ternura, abnegaci\u00f3n y sacrificio\u00bb <\/strong>es la herencia que identifica nuestros centros en cualquier lugar, donde se encuentren, como valor esencial de nuestra filosof\u00eda educativa.\u00a0<strong> As\u00ed como la atenci\u00f3n personal a los alumnos, especialmente a los m\u00e1s necesitados<\/strong>, mediante la aceptaci\u00f3n de su persona y situaci\u00f3n, valorando no s\u00f3lo el rendimiento acad\u00e9mico, sino sus cualidades humanas, necesidades e intereses.<\/p>\n<p style=\"text-align: justify;\">La estructura, organizaci\u00f3n, metodolog\u00eda, contenidos, estilo y ambiente lo conforman como un <strong>Centro en Pastoral, caracterizado por un clima educativo donde se pasa de la escuela-Instituci\u00f3n a la escuela-Comunidad<\/strong>, que manifiesta sus valores por medio de aut\u00e9nticas relaciones interpersonales.<\/p>\n<p style=\"text-align: justify;\">Todos los elementos del ambiente educativo est\u00e1n impregnados de esp\u00edritu cristiano. La persona de<strong> Jes\u00fas Divino Maestro y de la Madre Inmaculada se nos muestra como el paradigma<\/strong> hacia el cual se dirige el dinamismo y la acci\u00f3n educativa de nuestros Centros.<\/p>\n<p style=\"text-align: justify;\">En el momento actual, la Instituci\u00f3n pretende recrear la experiencia carism\u00e1tica original y, a partir de ella, responder de manera significativa a los retos del nuevo milenio, <strong>compartiendo con los seglares<\/strong> el carisma fundacional. La Misi\u00f3n compartida es un modo privilegiado de recrear hoy nuestro Carisma y ver como se va enriqueciendo al compartirlo con los laicos.<\/p>\n","protected":false},"excerpt":{"rendered":"<p>Las Misioneras del Divino Maestro somos un Instituto de vida apost\u00f3lica. Realizamos nuestra misi\u00f3n con la fuerza apost\u00f3lica que dimana de la propia vida, al vivir la plenitud de la consagraci\u00f3n bajo la acci\u00f3n del Esp\u00edritu Santo, y con nuestra acci\u00f3n Evangelizadora colaboramos en la Misi\u00f3n Divina de Jesucristo. Participamos en la misi\u00f3n de Jesucristo, &hellip; <\/p>\n<p><a class=\"more-link btn\" href=\"https:\/\/www.divinomaestro.com\/?page_id=3\">Seguir leyendo<\/a><\/p>\n","protected":false},"author":1,"featured_media":0,"parent":0,"menu_order":1,"comment_status":"closed","ping_status":"closed","template":"","meta":{"footnotes":""},"class_list":["post-3","page","type-page","status-publish","hentry","nodate","item-wrap"],"_links":{"self":[{"href":"https:\/\/www.divinomaestro.com\/index.php?rest_route=\/wp\/v2\/pages\/3","targetHints":{"allow":["GET"]}}],"collection":[{"href":"https:\/\/www.divinomaestro.com\/index.php?rest_route=\/wp\/v2\/pages"}],"about":[{"href":"https:\/\/www.divinomaestro.com\/index.php?rest_route=\/wp\/v2\/types\/page"}],"author":[{"embeddable":true,"href":"https:\/\/www.divinomaestro.com\/index.php?rest_route=\/wp\/v2\/users\/1"}],"replies":[{"embeddable":true,"href":"https:\/\/www.divinomaestro.com\/index.php?rest_route=%2Fwp%2Fv2%2Fcomments&post=3"}],"version-history":[{"count":25,"href":"https:\/\/www.divinomaestro.com\/index.php?rest_route=\/wp\/v2\/pages\/3\/revisions"}],"predecessor-version":[{"id":398,"href":"https:\/\/www.divinomaestro.com\/index.php?rest_route=\/wp\/v2\/pages\/3\/revisions\/398"}],"wp:attachment":[{"href":"https:\/\/www.divinomaestro.com\/index.php?rest_route=%2Fwp%2Fv2%2Fmedia&parent=3"}],"curies":[{"name":"wp","href":"https:\/\/api.w.org\/{rel}","templated":true}]}}