{"id":17,"date":"2010-08-02T03:08:01","date_gmt":"2010-08-02T02:08:01","guid":{"rendered":"http:\/\/divinomaestro.com\/?page_id=17"},"modified":"2022-05-07T16:45:55","modified_gmt":"2022-05-07T15:45:55","slug":"secretariado-de-misiones","status":"publish","type":"page","link":"https:\/\/www.divinomaestro.com\/?page_id=17","title":{"rendered":"Secretariado de Misiones"},"content":{"rendered":"<h1 style=\"text-align: center\"><strong><span style=\"color: #008080\">\u201cConstruyamos Sue\u00f1os Juntos\u201d<\/span><\/strong><\/h1>\n<h3><img loading=\"lazy\" decoding=\"async\" class=\"size-medium wp-image-6984 alignleft\" src=\"https:\/\/www.divinomaestro.com\/wp-content\/uploads\/2022\/05\/campana-400x400.jpg\" alt=\"\" width=\"400\" height=\"400\" srcset=\"https:\/\/www.divinomaestro.com\/wp-content\/uploads\/2022\/05\/campana-400x400.jpg 400w, https:\/\/www.divinomaestro.com\/wp-content\/uploads\/2022\/05\/campana-1040x1040.jpg 1040w, https:\/\/www.divinomaestro.com\/wp-content\/uploads\/2022\/05\/campana-250x250.jpg 250w, https:\/\/www.divinomaestro.com\/wp-content\/uploads\/2022\/05\/campana-768x768.jpg 768w, https:\/\/www.divinomaestro.com\/wp-content\/uploads\/2022\/05\/campana.jpg 1080w\" sizes=\"auto, (max-width: 400px) 100vw, 400px\" \/>Este a\u00f1o de nuevo prestaremos especial atenci\u00f3n a Venezuela. Hace poco recib\u00edamos una comunicaci\u00f3n de la Delega de la Zona en la que nos dec\u00eda que \u201cEs dif\u00edcil expresar con palabras c\u00f3mo veo a Venezuela. <br \/>Y para una persona que no vive aqu\u00ed, es incomprensible lo que sucede en este pa\u00eds, tan rico, pero tan pobre\u2026\u201d La campa\u00f1a va dirigida a nuestro Colegio \u201cLa Trinidad\u201d situado en las periferias de Ciudad Bol\u00edvar, donde abunda la pobreza material y la ignorancia. <br \/>Este Centro abre sus puertas cada d\u00eda a numerosas familias dando esperanzas y posibilidades de superaci\u00f3n no solo en el \u00e1mbito acad\u00e9mico, sino que ha elevado la dignidad moral y social ofreciendo espacios de crecimiento a todos los niveles. Los escas\u00edsimos recursos econ\u00f3micos con que cuentan no les permiten el mantenimiento y menos las reparaciones, de sus instalaciones que sufren un acusado deterioro.<br \/>El objetivo principal es la recuperaci\u00f3n de la infraestructura del Colegio (ya muy deteriorada) as\u00ed como un bono mensual para alimentaci\u00f3n y transporte del personal docente, administrativo y obrero, cuyos sueldos no les alcanza para la manutenci\u00f3n de una semana, oblig\u00e1ndoles a cambios continuos de trabajo que traen consigo la p\u00e9rdida de excelentes educadores y personal identificado con el centro. <br \/>Con estos objetivos se pretende lograr un espacio adecuado para la educaci\u00f3n, dignificar la vida de servicio del personal y beneficiar a un total de 965 alumnos que se forman en nuestro centro, as\u00ed como a sus familias.<br \/>A pesar de ser un a\u00f1o lleno de situaciones dif\u00edciles, contamos como siempre, con vuestra solidaridad, esfuerzo y entusiasmo para este nuevo proyecto en servicio de estos hermanos m\u00e1s necesitados.\u00a0<\/h3>\n\n\n<div class=\"wp-block-group\"><div class=\"wp-block-group__inner-container is-layout-flow wp-block-group-is-layout-flow\"><figure class=\"wp-block-embed-youtube wp-block-embed is-type-video is-provider-youtube wp-embed-aspect-16-9 wp-has-aspect-ratio lyte-align alignleft\"><div class=\"lyte-wrapper\" style=\"width:420px;max-width:100%;margin:5px;\"><div class=\"lyMe hidef\" id=\"WYL_dSXlDQ1wePs\"><div id=\"lyte_dSXlDQ1wePs\" data-src=\"\/\/i.ytimg.com\/vi\/dSXlDQ1wePs\/maxresdefault.jpg\" class=\"pL\"><div class=\"tC\"><div class=\"tT\"><\/div><\/div><div class=\"play\"><\/div><div class=\"ctrl\"><div class=\"Lctrl\"><\/div><div class=\"Rctrl\"><\/div><\/div><\/div><noscript><a href=\"https:\/\/youtu.be\/dSXlDQ1wePs\" rel=\"nofollow\"><img loading=\"lazy\" decoding=\"async\" src=\"https:\/\/i.ytimg.com\/vi\/dSXlDQ1wePs\/0.jpg\" alt=\"YouTube video thumbnail\" width=\"420\" height=\"216\" \/><\/a><\/noscript><\/div><\/div><div class=\"lL\" style=\"max-width:100%;width:420px;margin:5px;\"> <a href=\"https:\/\/youtu.be\/dSXlDQ1wePs\" target=\"_blank\">Ver este v\u00eddeo en YouTube<\/a>.<\/div><figcaption><\/figcaption><\/figure><\/div><\/div>\n\n\n\n<div class=\"wp-block-image\"><figure class=\"aligncenter is-resized\"><img loading=\"lazy\" decoding=\"async\" src=\"https:\/\/www.divinomaestro.com\/wp-content\/uploads\/2019\/05\/CARTEL-CAMPA\u00d1A-2019-1040x780.jpg\" alt=\"\" class=\"wp-image-5656\" width=\"465\" height=\"349\" srcset=\"https:\/\/www.divinomaestro.com\/wp-content\/uploads\/2019\/05\/CARTEL-CAMPA\u00d1A-2019-1040x780.jpg 1040w, https:\/\/www.divinomaestro.com\/wp-content\/uploads\/2019\/05\/CARTEL-CAMPA\u00d1A-2019-250x188.jpg 250w, https:\/\/www.divinomaestro.com\/wp-content\/uploads\/2019\/05\/CARTEL-CAMPA\u00d1A-2019-400x300.jpg 400w, https:\/\/www.divinomaestro.com\/wp-content\/uploads\/2019\/05\/CARTEL-CAMPA\u00d1A-2019-768x576.jpg 768w\" sizes=\"auto, (max-width: 465px) 100vw, 465px\" \/><figcaption><br \/><\/figcaption><\/figure><\/div>\n\n\n\n<p>Queridos alumnos, hermanas,\nprofesores y familias:<\/p>\n\n\n\n<p>El \u201cSecretariado de Misiones Divino Maestro\u201d os convoca de nuevo este a\u00f1o a nuestra Campa\u00f1a\nMisionera del 24 de Mayo a favor de los necesitados de nuestra gran familia\nDivino Maestro.<\/p>\n\n\n\n<p>&nbsp;&nbsp;&nbsp;&nbsp;&nbsp;&nbsp;&nbsp;&nbsp; Este a\u00f1o de\n2019, nuestros ojos no pueden sino centrarse en Venezuela, nuestra querida\nVenezuela que est\u00e1 pasando estos \u00faltimos a\u00f1os por la situaci\u00f3n que todos\nconoc\u00e9is por los medios de comunicaci\u00f3n y redes sociales. Sabemos \u201calgo\u201d de lo\nque est\u00e1n viviendo estos hermanos nuestros, estas familias como vosotros,\nmiseria y penuria que vive el pa\u00eds y que ha dado al traste con su econom\u00eda\nanterior, encontr\u00e1ndose hoy en extrema necesidad hasta para su supervivencia. Nos\nduele todo el pueblo venezolano y queremos siquiera ofrecer nuestro peque\u00f1o\ngrano de arena a los 9 colegios repartidos por el pa\u00eds, con los 5.259 alumnos\n\u2013con sus familias- que actualmente los pueblan, los numeros\u00edsimos profesores,\npersonal no docente y las 100 Hermanas\nque &nbsp;adem\u00e1s de sufrir la crisis ellas\nmismas, intentan paliar en lo posible tanta necesidad.<\/p>\n\n\n\n<p>&nbsp;&nbsp;&nbsp;&nbsp;&nbsp;&nbsp;&nbsp;&nbsp; Se trata de ofrecer\na los j\u00f3venes de nuestro Colegio la posibilidad de atender en lo posible a su\nalimentaci\u00f3n y salud y adecentar las aulas reparando lo que se ha destruido por\nel tiempo o la situaci\u00f3n.<\/p>\n\n\n\n<p>&nbsp;&nbsp;&nbsp;&nbsp;&nbsp;&nbsp;&nbsp; Ante esta grande y urgente necesidad,\nde enormes proporciones, el Secretariado de Misiones lanza la <strong>CAMPA\u00d1A MISIONERA<\/strong><strong>\n2019<\/strong> con el lema: <\/p>\n\n\n\n<p>&nbsp;&nbsp;&nbsp;&nbsp;&nbsp;&nbsp; No podemos quedar tranquilos cuando tantos hermanos nuestros, familias y alumnos, est\u00e1n pas\u00e1ndolo tan sumamente mal. Los que pueden, han marchado del pa\u00eds sin nada, incluso dejando a los peque\u00f1os con los abuelos, para ver de ayudar desde fuera. Todos viven la violencia diaria, la muerte por falta de los recursos adecuados e incluso hay ni\u00f1os que no van al colegio porque los padres no pueden darles nada para comer.<\/p>\n\n\n\n<p>&nbsp;&nbsp;&nbsp;&nbsp;&nbsp;&nbsp; Que Mar\u00eda, Madre de todos, especialmente\nde los necesitados, abra nuestro coraz\u00f3n ante las urgencias de estos hermanos nuestros\ny nos ense\u00f1e a ser solidarios y que vean en nosotros la expresi\u00f3n del amor del\nDivino Maestro que tanto les ama.<\/p>\n\n\n\n<p>En\nel Secretariado de Misiones conocemos bien vuestra generosidad, trabajo,\nentusiasmo y esp\u00edritu de familia; estamos llenos de esperanza de que vamos a\nser para ellos un signo de <strong>esperanza y amor<\/strong>.<\/p>\n\n\n\n<p>&nbsp;&nbsp;&nbsp;&nbsp;&nbsp;&nbsp;&nbsp;&nbsp;&nbsp;&nbsp;&nbsp; Recibid todo nuestro\nagradecimiento.<\/p>\n\n\n<h1 style=\"text-align: center\"><span style=\"color: #0000ff\"><strong>CAMPA\u00d1A MISIONERA 2017-18<\/strong><\/span><\/h1>\n<h1 style=\"text-align: center\"><a href=\"http:\/\/www.divinomaestro.com\/wp-content\/uploads\/CARTEL-CAMPA\u00d1A-MISIONERA-2018.jpg\"><img loading=\"lazy\" decoding=\"async\" class=\"aligncenter size-medium wp-image-5149\" src=\"http:\/\/www.divinomaestro.com\/wp-content\/uploads\/CARTEL-CAMPA\u00d1A-MISIONERA-2018-283x400.jpg\" alt=\"\" width=\"283\" height=\"400\" srcset=\"https:\/\/www.divinomaestro.com\/wp-content\/uploads\/CARTEL-CAMPA\u00d1A-MISIONERA-2018-283x400.jpg 283w, https:\/\/www.divinomaestro.com\/wp-content\/uploads\/CARTEL-CAMPA\u00d1A-MISIONERA-2018-177x250.jpg 177w, https:\/\/www.divinomaestro.com\/wp-content\/uploads\/CARTEL-CAMPA\u00d1A-MISIONERA-2018-768x1086.jpg 768w, https:\/\/www.divinomaestro.com\/wp-content\/uploads\/CARTEL-CAMPA\u00d1A-MISIONERA-2018-735x1040.jpg 735w\" sizes=\"auto, (max-width: 283px) 100vw, 283px\" \/><\/a><a href=\"https:\/\/1drv.ms\/f\/s!AjN5sVs1U2hOplgksdDBuVchBZWE\"><img loading=\"lazy\" decoding=\"async\" class=\"aligncenter size-full wp-image-1282\" src=\"http:\/\/www.divinomaestro.com\/wp-content\/uploads\/carpeta verde.png\" alt=\"\" width=\"128\" height=\"128\" \/><\/a><\/h1>\n<h1 style=\"text-align: center\"><strong><span style=\"color: #0000ff\">CAMPA\u00d1A MISIONERA 2016-17<\/span><\/strong><\/h1>\n<h2 style=\"text-align: center\"><strong><span style=\"color: #ff6600\">Manos abiertas para dar<\/span><\/strong><\/h2>\n<h1 style=\"text-align: center\"><a href=\"http:\/\/www.divinomaestro.com\/wp-content\/uploads\/cartel-Guatiri.jpg\"><img loading=\"lazy\" decoding=\"async\" class=\"aligncenter wp-image-4519\" src=\"http:\/\/www.divinomaestro.com\/wp-content\/uploads\/cartel-Guatiri-400x325.jpg\" alt=\"\" width=\"432\" height=\"351\" srcset=\"https:\/\/www.divinomaestro.com\/wp-content\/uploads\/cartel-Guatiri-400x325.jpg 400w, https:\/\/www.divinomaestro.com\/wp-content\/uploads\/cartel-Guatiri-768x624.jpg 768w, https:\/\/www.divinomaestro.com\/wp-content\/uploads\/cartel-Guatiri-1040x845.jpg 1040w\" sizes=\"auto, (max-width: 432px) 100vw, 432px\" \/><\/a><\/h1>\n<p style=\"text-align: center\"><a href=\"https:\/\/1drv.ms\/f\/s!AjN5sVs1U2hOjhq88u_NoFY1dmyu\"><img loading=\"lazy\" decoding=\"async\" class=\"aligncenter size-full wp-image-1282\" src=\"http:\/\/www.divinomaestro.com\/wp-content\/uploads\/carpeta verde.png\" alt=\"\" width=\"128\" height=\"128\" \/><\/a><\/p>\n<h1 style=\"text-align: center\"><span style=\"color: #333399\"><strong>LEMA CAMPA\u00d1A MISIONERA 2016<\/strong><\/span><\/h1>\n<h1 style=\"text-align: center\"><a href=\"http:\/\/www.divinomaestro.com\/wp-content\/uploads\/webmisiones15-16.jpg\" rel=\"attachment wp-att-3466\"><img loading=\"lazy\" decoding=\"async\" class=\"aligncenter wp-image-3466\" src=\"http:\/\/www.divinomaestro.com\/wp-content\/uploads\/webmisiones15-16-400x261.jpg\" alt=\"webmisiones15-16\" width=\"477\" height=\"311\" srcset=\"https:\/\/www.divinomaestro.com\/wp-content\/uploads\/webmisiones15-16-400x261.jpg 400w, https:\/\/www.divinomaestro.com\/wp-content\/uploads\/webmisiones15-16.jpg 635w\" sizes=\"auto, (max-width: 477px) 100vw, 477px\" \/><\/a><a href=\"https:\/\/onedrive.live.com\/redir?resid=4E6853355BB17933!1468&amp;authkey=!AN02RHDq11VZzK4&amp;ithint=folder%2cjpg\" rel=\"attachment wp-att-1281\"><img loading=\"lazy\" decoding=\"async\" class=\"aligncenter size-full wp-image-1281\" src=\"http:\/\/www.divinomaestro.com\/wp-content\/uploads\/Carpeta ama.png\" alt=\"Carpeta ama\" width=\"128\" height=\"128\" \/><\/a><\/h1>\n<h1 style=\"text-align: center\"><strong><span style=\"color: #333399\">LEMA CAMPA\u00d1A MISIONERA 2015<\/span><\/strong><\/h1>\n<p>\u00a0<\/p>\n<p><a href=\"http:\/\/www.divinomaestro.com\/wp-content\/uploads\/CARTELPERU.jpg\"><img loading=\"lazy\" decoding=\"async\" class=\"aligncenter wp-image-3092\" src=\"http:\/\/www.divinomaestro.com\/wp-content\/uploads\/CARTELPERU.jpg\" alt=\"CARTELPERU\" width=\"455\" height=\"316\" \/><\/a><\/p>\n<p>\u00a0<\/p>\n<h1 style=\"text-align: center\"><span style=\"color: #000080\"><strong>LEMA CAMPA\u00d1A MISIONERA 2014<\/strong><\/span><\/h1>\n<p>\u00a0<\/p>\n<p><a href=\"http:\/\/www.divinomaestro.com\/wp-content\/uploads\/CARTEL JPG.jpg\"><img loading=\"lazy\" decoding=\"async\" class=\"aligncenter size-full wp-image-2784\" src=\"http:\/\/www.divinomaestro.com\/wp-content\/uploads\/CARTEL JPG.jpg\" alt=\"CARTEL JPG\" width=\"405\" height=\"497\" \/><\/a><\/p>\n<p>\u00a0<\/p>\n<h2><a href=\"https:\/\/onedrive.live.com\/?cid=4e6853355bb17933&amp;id=4E6853355BB17933%211094\"><strong><span style=\"color: #008080\">Ir a materiales de la campa\u00f1a<\/span><\/strong><\/a><\/h2>\n<p>\u00a0<\/p>\n<h1 style=\"text-align: center\">\u00a0<\/h1>\n<h1 style=\"text-align: center\"><span style=\"color: #800000\"><span style=\"font-family: georgia, serif\"><span style=\"font-size: 26px\"><b>El LEMA de la<\/b> CAMPA\u00d1A MISIONERA 2013<\/span><\/span><\/span><\/h1>\n<p style=\"text-align: center\">\u00a0<\/p>\n<p><span style=\"font-size: 14px\"><span style=\"font-family: arial, helvetica, sans-serif\"><strong>SECRETARIADO DE MISIONES<br \/><\/strong><\/span><\/span><\/p>\n<p><span style=\"font-size: 14px\"><span style=\"font-family: arial, helvetica, sans-serif\"><strong><span style=\"text-indent: -297.65pt;text-align: center\">\u00abDIVINO MAESTRO\u00bb \u00a0\u00a0<\/span><\/strong><\/span><\/span><\/p>\n<p class=\"MsoNormal\" style=\"margin-left: 318.95pt;text-indent: -297.65pt;text-align: right\"><span style=\"font-size: 12px\"><span style=\"font-family: arial, helvetica, sans-serif\">\u00a0\u00a0\u00a0\u00a0\u00a0\u00a0\u00a0\u00a0\u00a0\u00a0\u00a0\u00a0\u00a0\u00a0\u00a0\u00a0\u00a0\u00a0\u00a0\u00a0\u00a0\u00a0\u00a0\u00a0\u00a0\u00a0\u00a0\u00a0\u00a0\u00a0\u00a0\u00a0\u00a0\u00a0\u00a0\u00a0\u00a0\u00a0\u00a0\u00a0\u00a0\u00a0\u00a0\u00a0\u00a0\u00a0\u00a0\u00a0\u00a0\u00a0\u00a0\u00a0\u00a0 Madrid, abril de 2013<\/span><\/span><\/p>\n<p><span style=\"font-size: 12px\"><span style=\"font-family: arial, helvetica, sans-serif\"><span style=\"text-indent: 35.4pt\">Queridos, ALUMNOS, PROFESORES Y Hermanas, cooperadores:<\/span><\/span><\/span><\/p>\n<p><span style=\"font-size: 12px\"><span style=\"font-family: arial, helvetica, sans-serif\">\u00a0<\/span><\/span><\/p>\n<p class=\"MsoNormal\" style=\"text-align: justify\"><span style=\"font-size: 12px\"><span style=\"font-family: arial, helvetica, sans-serif\">\u00a0 \u00a0 \u00a0 \u00a0 \u00a0 <span style=\"text-align: center\">\u00a0El Secretariado de Misiones \u00abDivino Maestro\u00bb os convocaci\u00f3n NuevaMente un our Campa\u00f1a solidaria anual del 24 de Mayo a favor de las Misiones de Nuestra Gran Familia Divino Maestro.<\/span><\/span><\/span><\/p>\n<p class=\"MsoBodyTextIndent\" style=\"margin-left: 0cm\"><span style=\"font-size: 12px\"><span style=\"font-family: arial, helvetica, sans-serif\">\u00a0<\/span><\/span><\/p>\n<p class=\"MsoNormal\" style=\"text-align: justify\"><span style=\"font-size: 12px\"><span style=\"font-family: arial, helvetica, sans-serif\">\u00a0Este A\u00f1o 2013, Vamos A UNIR Nuestro Esfuerzo p\u00e1rrafo Ayudar a la Poblaci\u00f3n de Kashusha en el Congo. Record\u00e1is Que Hace dos Jahr comenzamos la construcci\u00f3n De Una Escuela Primaria en ESE Lugar Donde las Hermanas visitaron y viendo la gran necesidad Que padecen, quieren paliar, en lo Posible, los tremendos Efectos de la guerra where Tantos Ni\u00f1os desescolarizados no cuentan estafa Escuelas Que les den la Formaci\u00f3n B\u00e1sica Necesaria. \u00a1Para Ello, nos pidieron Ayuda! Y estafa Otras Ayudas also, de han podido culminar la construcci\u00f3n. \u00a1Ahora nos Vuelven a Solicitar p\u00e1rr equiparla!<\/span><\/span><\/p>\n<p class=\"MsoBodyText\" style=\"text-align: justify\"><span style=\"font-size: 12px\"><span style=\"font-family: arial, helvetica, sans-serif\">\u00a0 \u00a0 \u00a0ESTO Por, QUEREMOS <b><span style=\"color: red\">EQUIPAR CON MOBILIARIO Y DEMAS MATERIAL ESCOLAR B\u00c1SICO LA ESCUELA PRIMARIA DE Kashusha PUES TIENEN NECESIDAD URGENTE DE ELLA <\/span><\/b><b><span style=\"color: red\">Y <\/span><\/b><b><span style=\"color: red\">LOS PAP\u00c1S NOS LO HAN SUPLICADO.<\/span><\/b><\/span><\/span><\/p>\n<p class=\"MsoBodyText\" style=\"text-align: justify\"><span style=\"font-size: 12px\"><span style=\"font-family: arial, helvetica, sans-serif\">\u00a0 \u00a0 \u00a0 \u00a0 \u00a0 \u00a0\u00a0No Hace Falta Decir Que Entre Todos los Lugares Hoy Es el Congo la zona M\u00e1s inestables por, aire continuo DESASTRES, muertes violentas, emboscadas de la UNOS y Otros Grupos, robos, Incendios de Lugares, Violaciones, etc, etc un \u00c9pocas no nos dan noticia los Medios de Comunicaci\u00f3n, Pero precisamente en ESTOS Tiempos, Que Si Podemos study \u00abalgo\u00bb de Lo Que all\u00ed realizada no est\u00e1 Pasando. Hasta Kashusa llegan cont\u00ednuamente cientos y cientos de regufiados huyendo Para Salvar La Vida en total de Pobreza y desamparo. Coraz\u00f3n Nuestro, de como el del Divino Maestro, s\u00ed conmueve ante del tanto dolor, injusticia tanta, del tanto desamor de UNOS HACIA Other. Por Eso, desde el Secretariado de Misiones no QUEREMOS abandonar una Tantos cientos de Familias de Este rinc\u00f3n africano.<\/span><\/span><\/p>\n<p class=\"MsoBodyText\" style=\"text-align: justify\"><span style=\"font-size: 12px\"><span style=\"font-family: arial, helvetica, sans-serif\"><span style=\"text-align: center\">\u00a0 \u00a1Las gentes del Lugar estan felices Pues ven en la Escuela y en las Hermanas Un rayo de esperanza! Que Nuestra Respuesta les SIRVA to see in Nuestro Amor desinteresado, Una luz Que les lleve un Sentirse Amados<\/span><\/span><\/span><\/p>\n<p class=\"MsoBodyText\" style=\"text-indent: 35.4pt\"><span style=\"font-size: 12px\"><span style=\"font-family: arial, helvetica, sans-serif\">\u00a0<b>Agradeciendo Vuestra gran generosidad, Trabajo, Entusiasmo y Esp\u00edritu misionero, os saluda<\/b><\/span><\/span><\/p>\n<ul>\n<li><a href=\"https:\/\/skydrive.live.com\/redir?resid=4E6853355BB17933!841\"><span style=\"color: #2f4f4f\"><strong><span style=\"font-family: arial, helvetica, sans-serif\">Continuar leyendo &#8230;<\/span><\/strong><\/span><\/a><\/li>\n<\/ul>\n<p style=\"text-align: center\"><a href=\"https:\/\/skydrive.live.com\/redir?resid=4E6853355BB17933!841\"><img loading=\"lazy\" decoding=\"async\" class=\"alignnone size-full wp-image-1281\" src=\"http:\/\/www.divinomaestro.com\/wp-content\/uploads\/Carpeta ama.png\" alt=\"\" width=\"64\" height=\"64\" \/><\/a><\/p>\n<ul>\n<li><strong><span style=\"color: #2f4f4f\"><span style=\"font-family: arial, helvetica, sans-serif\">MATERIALES CAMPA\u00d1A\u00a0<\/span><\/span><\/strong><\/li>\n<\/ul>\n<p class=\"MsoBodyText\" style=\"text-indent: 35.4pt\"><span style=\"font-size: 12px\"><span style=\"font-family: arial, helvetica, sans-serif\">\u00a0<\/span><\/span><\/p>\n<p style=\"text-align: center\">[Altura embedplusvideo = \u00ab224\u00bb width = \u00ab350\u00bb est\u00e1ndar = \u00abhttp:\/\/www.youtube.com\/v\/CElu7WYi4E4?fs=1\u00bb id = \u00abep2151\u00bb \/]\n<h1 style=\"text-align: center\"><span style=\"font-size: 36px\"><span style=\"font-family: arial,helvetica,sans-serif\"><span style=\"color: #ff8c00\">\u00a1\u00c1FRICA TE NECESITA!<\/span><\/span><\/span><\/h1>\n<h3 style=\"text-align: center\"><span style=\"font-size: 16px\"><span style=\"font-size: 18px\"><span style=\"font-family: arial,helvetica,sans-serif\"><span style=\"color: #0000cd\">Campa\u00f1a Misionera 2012<\/span><\/span><\/span><\/span><\/h3>\n<p><span style=\"font-family: arial, helvetica, sans-serif;font-size: 14px;color: #2f4f4f;text-align: justify\">Queridos, ALUMNOS, PROFESORES Y Hermanas, cooperadores:<\/span><\/p>\n<p style=\"text-align: justify\"><span style=\"color: #2f4f4f\"><span style=\"font-size: 14px\"><span style=\"font-family: arial,helvetica,sans-serif\">El Secretariado de Misiones \u00abDivino Maestro\u00bb <strong>os convocaci\u00f3n NuevaMente<\/strong> un our Campa\u00f1a solidaria anual del 24 de Mayo a favor de las Misiones de Nuestra Gran Familia Divino Maestro.<\/span><\/span><\/span><\/p>\n<p style=\"text-align: justify\"><span style=\"color: #2f4f4f\"><span style=\"font-size: 14px\"><span style=\"font-family: arial,helvetica,sans-serif\">Este A\u00f1o 2012, continuamos pensando en \u00c1frica. Precisamente Por La crisis general, QUEREMOS abrir los Brazos y abarcar del tanto al Congo de como un Camer\u00fan. Las needs En que Viven ESTOS hermanos hijo Cada Vez M\u00e1s deplorables y vamos a UNIR Nuestro Esfuerzo en el campo de la Educaci\u00f3n, tan Importante p\u00e1rr Tener Futuro. Record\u00e1is Que en 2 <strong>0.010 Construimos la Escuela Maternal en Balamba (Camer\u00fan), Que ya Funciona Llena de Ni\u00f1os, material de pecado Pero alg\u00fano de Juegos Did\u00e1cticos de NI, NI RECREATIVOS.<\/strong><\/span><\/span><\/span><\/p>\n<p style=\"text-align: justify\"><span style=\"color: #2f4f4f\"><span style=\"font-size: 14px\"><span style=\"font-family: arial,helvetica,sans-serif\">Also la Escuela Primaria de Balamba <strong>NECESITA estafa Urgencia Una Biblioteca Pues, al no Tener libros, los Alumnos no pueden leer y do RENDIMIENTO escolar es muy bajo.<\/strong> IGUALMENTE en Shabunda (Congo) TENEMOS Lo Que all\u00ed realizada Llama del SE de Centro de Formaci\u00f3n Juvenil Divino Maestro, Donde aprenden Una Profesi\u00f3n. Nos PIDEN assistance p\u00e1rr comprar Armarios Met\u00e1licos (Pues La Madera Con La Humedad del clima no Resiste), el material escolar, pizarras, etc Mas El Transporte, ya Que porci\u00f3n Estar en plena selva TODO venta Mucho M\u00e1s caro y Las gentes no pueden Aportar. \u00a1Para Ello, nos PIDEN Ayuda a todos!<\/span><\/span><\/span><\/p>\n<p style=\"text-align: justify\"><span style=\"color: #2f4f4f\"><span style=\"font-size: 14px\"><span style=\"font-family: arial,helvetica,sans-serif\">ESTO Por, QUEREMOS <strong>APOYAR A LOS NI\u00d1OS DE LOS J\u00d3VENES YA Balamba DE Shabunda Para Qu\u00e9 Tengan MATERIAL ESCOLAR B\u00c1SICO: MESAS, SILLAS, LIBROS, ARMARIOS, PIZARRAS, JUEGOS DIDACTICOS, ETC. PUES TIENEN NECESIDAD URGENTE DE ELLO.<\/strong><\/span><\/span><\/span><\/p>\n<h3 style=\"text-align: center\"><img loading=\"lazy\" decoding=\"async\" class=\"aligncenter size-full wp-image-1282\" src=\"http:\/\/www.divinomaestro.com\/wp-content\/uploads\/carpeta verde.png\" alt=\"\" width=\"50\" height=\"50\" \/>\u00a0<a href=\"https:\/\/skydrive.live.com\/redir.aspx?cid=4e6853355bb17933&amp;resid=4E6853355BB17933!342&amp;parid=root\"><span style=\"color: #f00\"><span style=\"font-size: 16px\"><span style=\"font-family: arial,helvetica,sans-serif\">Materiales de Campa\u00f1a<\/span><\/span><\/span><\/a><\/h3>\n<h3 style=\"text-align: center\"><a href=\"http:\/\/youtu.be\/HS05f-KeCQM\"><span style=\"color: #00f\"><strong><span style=\"font-size: 16px\"><span style=\"font-family: arial,helvetica,sans-serif\">VER VIDEO<\/span><\/span><\/strong><\/span><\/a><\/h3>\n<p style=\"text-align: center\"><strong><span style=\"color: #000080\"><span style=\"font-size: 16px\"><span style=\"font-family: arial,helvetica,sans-serif\">Clic Sobre la imagen<\/span><\/span><\/span><\/strong><\/p>\n<p style=\"text-align: center\"><a href=\"http:\/\/www.myebook.com\/index.php?option=ebook&amp;id=121588\"><img loading=\"lazy\" decoding=\"async\" class=\"aligncenter size-full wp-image-1347\" src=\"http:\/\/www.divinomaestro.com\/wp-content\/uploads\/Cartel misiones.jpg\" alt=\"\" width=\"314\" height=\"461\" \/><\/a><\/p>\n<h1 style=\"text-align: center\"><span style=\"color: #000080\">CAMPA\u00d1A MISIONERA Kashusha 2011<\/span><\/h1>\n<p style=\"text-align: justify\"><span style=\"font-size: 14px\"><span style=\"font-family: arial,helvetica,sans-serif\"><strong>Queridos, Alumnos, hermanas, PROFESORES Y cooperadores:<\/strong> El Secretariado de Misiones \u00abDivino Maestro\u00bb os convocaci\u00f3n NuevaMente un our Campa\u00f1a solidaria anual del 24 de Mayo a favor de las Misiones de Nuestra Gran Familia Divino Maestro.<\/span><\/span><\/p>\n<p style=\"text-align: justify\"><span style=\"font-size: 14px\"><span style=\"font-family: arial,helvetica,sans-serif\">Este A\u00f1o 2011, Vamos A <strong>UNIR Nuestro Esfuerzo<\/strong> p\u00e1rrafo Ayudar a la <strong>Poblaci\u00f3n de Kashusha<\/strong> en el <strong>Congo,<\/strong> Lugar vitado porci\u00f3n our Superiora General de las Hermanas y de Bukabu, viendo la gran necesidad Que padecen, quieren paliar, en lo Posible, los tremendos Efectos de la guerra y nos proponen el colaborar p\u00e1rrafo h <strong>acer Posible Una Escuela Primaria<\/strong> p\u00e1rr Tantos Ni\u00f1os desescolarizados Que No cuentan estafa Escuelas en el Lugar. \u00a1Para Ello, nos PIDEN Ayuda a todos!<\/span><\/span><\/p>\n<p style=\"text-align: justify\"><span style=\"font-size: 14px\"><span style=\"font-family: arial,helvetica,sans-serif\">ESTO Por, QUEREMOS:<\/span><\/span><\/p>\n<p style=\"text-align: justify\"><span style=\"font-size: 14px\"><span style=\"font-family: arial,helvetica,sans-serif\"><strong><span style=\"color: #800000\">CONSTRUIR UNA ESCUELA PRIMARIA<\/span><\/strong><\/span><\/span><\/p>\n<p style=\"text-align: justify\"><span style=\"font-size: 14px\"><span style=\"font-family: arial,helvetica,sans-serif\"><strong><span style=\"color: #800000\">PARA LOS NI\u00d1OS DE Kashusha PUES TIENEN NECESIDAD URGENTE DE ELLA<\/span><\/strong><\/span><\/span><\/p>\n<p style=\"text-align: justify\"><span style=\"font-size: 14px\"><span style=\"font-family: arial,helvetica,sans-serif\"><strong>El LEMA de la Campana Misionera 2011 es:<\/strong><\/span><\/span><\/p>\n<h1 style=\"text-align: center\"><span style=\"color: #800000\">\u00a1\u00c1brele Un camino a la ESPERANZA!<\/span><\/h1>\n<p style=\"text-align: center\">\u00a0<\/p>","protected":false},"excerpt":{"rendered":"<p>\u201cConstruyamos Sue\u00f1os Juntos\u201d Este a\u00f1o de nuevo prestaremos especial atenci\u00f3n a Venezuela. Hace poco recib\u00edamos una comunicaci\u00f3n de la Delega de la Zona en la que nos dec\u00eda que \u201cEs dif\u00edcil expresar con palabras c\u00f3mo veo a Venezuela. Y para una persona que no vive aqu\u00ed, es incomprensible lo que sucede en este pa\u00eds, tan &hellip; <\/p>\n<p><a class=\"more-link btn\" href=\"https:\/\/www.divinomaestro.com\/?page_id=17\">Seguir leyendo<\/a><\/p>\n","protected":false},"author":1,"featured_media":0,"parent":0,"menu_order":9,"comment_status":"closed","ping_status":"closed","template":"","meta":{"footnotes":""},"class_list":["post-17","page","type-page","status-publish","hentry","nodate","item-wrap"],"_links":{"self":[{"href":"https:\/\/www.divinomaestro.com\/index.php?rest_route=\/wp\/v2\/pages\/17","targetHints":{"allow":["GET"]}}],"collection":[{"href":"https:\/\/www.divinomaestro.com\/index.php?rest_route=\/wp\/v2\/pages"}],"about":[{"href":"https:\/\/www.divinomaestro.com\/index.php?rest_route=\/wp\/v2\/types\/page"}],"author":[{"embeddable":true,"href":"https:\/\/www.divinomaestro.com\/index.php?rest_route=\/wp\/v2\/users\/1"}],"replies":[{"embeddable":true,"href":"https:\/\/www.divinomaestro.com\/index.php?rest_route=%2Fwp%2Fv2%2Fcomments&post=17"}],"version-history":[{"count":76,"href":"https:\/\/www.divinomaestro.com\/index.php?rest_route=\/wp\/v2\/pages\/17\/revisions"}],"predecessor-version":[{"id":6994,"href":"https:\/\/www.divinomaestro.com\/index.php?rest_route=\/wp\/v2\/pages\/17\/revisions\/6994"}],"wp:attachment":[{"href":"https:\/\/www.divinomaestro.com\/index.php?rest_route=%2Fwp%2Fv2%2Fmedia&parent=17"}],"curies":[{"name":"wp","href":"https:\/\/api.w.org\/{rel}","templated":true}]}}